{"id":1044,"date":"2023-03-14T03:36:23","date_gmt":"2023-03-14T03:36:23","guid":{"rendered":"https:\/\/gela.edu.vn\/?page_id=1044"},"modified":"2025-09-11T09:26:39","modified_gmt":"2025-09-11T09:26:39","slug":"tuyen-dung-giao-vien-tieng-anh","status":"publish","type":"page","link":"https:\/\/gela.edu.vn\/?page_id=1044","title":{"rendered":"TH\u00d4NG B\u00c1O TUY\u1ec2N D\u1ee4NG"},"content":{"rendered":"\n<ul class=\"wp-block-list\">\n<li>V\u1ecb tr\u00ed tuy\u1ec3n d\u1ee5ng: <strong>Gi\u00e1o vi\u00ean Ti\u1ebfng Anh<\/strong><\/li>\n\n\n\n<li>S\u1ed1 l\u01b0\u1ee3ng: <strong>05 ng\u01b0\u1eddi<\/strong><\/li>\n\n\n\n<li>H\u00ecnh th\u1ee9c l\u00e0m vi\u1ec7c: Th\u1ef1c hi\u1ec7n h\u1ee3p \u0111\u1ed3ng lao \u0111\u1ed9ng<\/li>\n\n\n\n<li>Th\u1eddi gian l\u00e0m vi\u1ec7c d\u1ef1 ki\u1ebfn: <strong>t\u1eeb 15\/11\/2025 \u0111\u1ebfn 14\/11\/2027<\/strong><\/li>\n\n\n\n<li>\u0110\u1ecba \u0111i\u1ec3m l\u00e0m vi\u1ec7c: T\u1ea7ng 2, T\u00f2a nh\u00e0 VietSolutions, S\u1ed1 125\/11 Nguy\u1ec5n C\u1eedu V\u00e2n, Ph\u01b0\u1eddng Gia \u0110\u1ecbnh, TP.HCM.<\/li>\n\n\n\n<li><strong>M\u00f4 t\u1ea3 v\u1ecb tr\u00ed c\u00f4ng vi\u1ec7c, ch\u1ee9c danh c\u00f4ng vi\u1ec7c:<\/strong>\n<ul class=\"wp-block-list\">\n<li>Gi\u1ea3ng d\u1ea1y ti\u1ebfng Anh theo ph\u00e2n c\u00f4ng, \u0111\u1ee9ng l\u1edbp theo l\u1ecbch h\u1ecdc v\u00e0 ph\u00e2n b\u1ed5 c\u1ee7a trung t\u00e2m.<\/li>\n\n\n\n<li>Theo d\u00f5i, \u0111\u00e1nh gi\u00e1 s\u1ef1 ti\u1ebfp thu, c\u1ea3i thi\u1ec7n ti\u1ebfng Anh c\u1ee7a h\u1ecdc sinh v\u00e0 ghi nh\u1eadn, c\u1eadp nh\u1eadt h\u1ecdc t\u1eadp c\u1ee7a h\u1ecdc sinh v\u00e0o c\u00e1c k\u1ef3 \u0111\u00e1nh gi\u00e1.<\/li>\n\n\n\n<li>So\u1ea1n gi\u00e1o \u00e1n, l\u00ean ph\u01b0\u01a1ng ph\u00e1p gi\u1ea3ng d\u1ea1y ph\u00f9 h\u1ee3p v\u1edbi n\u0103ng l\u1ef1c c\u1ee7a h\u1ecdc sinh theo ch\u01b0\u01a1ng tr\u00ecnh gi\u00e1o d\u1ee5c c\u1ee7a trung t\u00e2m.<\/li>\n\n\n\n<li>T\u1ed5 ch\u1ee9c c\u00e1c ho\u1ea1t \u0111\u1ed9ng ngo\u1ea1i kh\u00f3a \u0111\u1ec3 gi\u00fap h\u00ecnh th\u00e0nh, ph\u00e1t tri\u1ec3n k\u1ef9 n\u0103ng, ph\u1ea9m ch\u1ea5t v\u00e0 ng\u00f4n ng\u1eef ti\u1ebfng anh trong \u0111\u1eddi s\u1ed1ng cho h\u1ecdc vi\u00ean.<\/li>\n\n\n\n<li>T\u1ea1o \u0111\u1ed9ng l\u1ef1c v\u00e0 truy\u1ec1n c\u1ea3m h\u1ee9ng gi\u00fap h\u1ecdc vi\u00ean t\u1ef1 tin giao ti\u1ebfp b\u1eb1ng ti\u1ebfng Anh.<\/li>\n<\/ul>\n<\/li>\n\n\n\n<li><strong>Y\u00eau c\u1ea7u v\u1ec1 tr\u00ecnh \u0111\u1ed9: <\/strong>T\u1ed1t nghi\u1ec7p \u0111\u1ea1i h\u1ecdc \u1edf n\u01b0\u1edbc ngo\u00e0i chuy\u00ean ng\u00e0nh S\u01b0 ph\u1ea1m ti\u1ebfng Anh; Ng\u00f4n ng\u1eef Anh v\u00e0 c\u00f3 ch\u1ee9ng ch\u1ec9 s\u01b0 ph\u1ea1m, ch\u1ee9ng ch\u1ec9 gi\u1ea3ng d\u1ea1y ti\u1ebfng Anh nh\u01b0 Tesol, Tefl, Celta,..<\/li>\n\n\n\n<li><strong>Y\u00eau c\u1ea7u v\u1ec1 kinh nghi\u1ec7m:<\/strong> C\u00f3 02 n\u0103m kinh nghi\u1ec7m gi\u1ea3ng d\u1ea1y ti\u1ebfng Anh \u1edf c\u1ea3 4 k\u1ef9 n\u0103ng nghe, n\u00f3i, \u0111\u1ecdc, vi\u1ebft t\u1ea1i c\u00e1c tr\u01b0\u1eddng, trung t\u00e2m \u0111\u00e0o t\u1ea1o, trung t\u00e2m ngo\u1ea1i ng\u1eef \u1edf n\u01b0\u1edbc ngo\u00e0i.<\/li>\n\n\n\n<li><strong>Quy\u1ec1n l\u1ee3i:<\/strong>\n<ul class=\"wp-block-list\">\n<li>\u0110\u01b0\u1ee3c th\u01b0\u1edfng theo hi\u1ec7u qu\u1ea3 kinh doanh c\u1ee7a b\u1ed9 ph\u1eadn.<\/li>\n\n\n\n<li>\u0110\u01b0\u1ee3c h\u01b0\u1edfng c\u00e1c ch\u1ebf \u0111\u1ed9 v\u1ec1 BHXH, BHYT theo ch\u1ebf \u0111\u1ed9 c\u1ee7a Lu\u1eadt lao \u0111\u1ed9ng.<\/li>\n\n\n\n<li>Ngh\u1ec9 l\u1ec5, ngh\u1ec9 ph\u00e9p theo quy \u0111\u1ecbnh Nh\u00e0 n\u01b0\u1edbc.<\/li>\n<\/ul>\n<\/li>\n\n\n\n<li><strong>H\u1ed3 s\u01a1 d\u1ef1 tuy\u1ec3n g\u1ed3m c\u00f3:<\/strong>\n<ul class=\"wp-block-list\">\n<li>Phi\u1ebfu \u0111\u0103ng k\u00ed d\u1ef1 tuy\u1ec3n;<\/li>\n\n\n\n<li>1 b\u1ea3n sao CCCD (c\u00f3 ch\u1ee9ng th\u1ef1c);<\/li>\n\n\n\n<li>1 b\u1ea3n sao c\u00e1c v\u0103n b\u1eb1ng, ch\u1ee9ng ch\u1ec9 (c\u00f3 ch\u1ee9ng th\u1ef1c);<\/li>\n\n\n\n<li>Gi\u1ea5y kh\u00e1m s\u1ee9c kho\u1ebb;<\/li>\n\n\n\n<li>L\u00fd l\u1ecbch t\u01b0 ph\u00e1p;<\/li>\n<\/ul>\n<\/li>\n\n\n\n<li>Th\u1eddi h\u1ea1n n\u1ed9p h\u1ed3 s\u01a1: <strong>T\u1eeb ng\u00e0y 11\/09\/2025 \u0111\u1ebfn ng\u00e0y 01\/10\/2025<\/strong>.<\/li>\n\n\n\n<li>N\u01a1i nh\u1eadn h\u1ed3 s\u01a1: <strong>Ph\u00f2ng nh\u00e2n s\u1ef1 &#8211; C\u00d4NG TY C\u1ed4 PH\u1ea6N GI\u00c1O D\u1ee4C GELA<\/strong><\/li>\n\n\n\n<li>\u0110\u1ecba ch\u1ec9: <strong>T\u1ea7ng 2, T\u00f2a nh\u00e0 VietSolutions, S\u1ed1 125\/11 Nguy\u1ec5n C\u1eedu V\u00e2n, Ph\u01b0\u1eddng Gia \u0110\u1ecbnh, TP.HCM.<\/strong><\/li>\n\n\n\n<li>\u0110i\u1ec7n tho\u1ea1i: <strong>0938304374 &#8211; Ms. H\u00e0<\/strong> \u2013 B\u1ed9 ph\u1eadn tuy\u1ec3n d\u1ee5ng.<\/li>\n\n\n\n<li>Email: <em><strong>ha.nguyen@gela.edu.vn<\/strong><\/em><\/li>\n<\/ul>\n","protected":false},"excerpt":{"rendered":"","protected":false},"author":1,"featured_media":0,"parent":0,"menu_order":0,"comment_status":"closed","ping_status":"closed","template":"","meta":{"footnotes":""},"class_list":["post-1044","page","type-page","status-publish","hentry"],"yoast_head":"<!-- This site is optimized with the Yoast SEO plugin v26.6 - https:\/\/yoast.com\/wordpress\/plugins\/seo\/ -->\n<title>TH\u00d4NG B\u00c1O TUY\u1ec2N D\u1ee4NG - GELA Education<\/title>\n<meta name=\"robots\" content=\"index, follow, max-snippet:-1, max-image-preview:large, max-video-preview:-1\" \/>\n<link rel=\"canonical\" href=\"https:\/\/gela.edu.vn\/?page_id=1044\" \/>\n<meta property=\"og:locale\" content=\"en_US\" \/>\n<meta property=\"og:type\" content=\"article\" \/>\n<meta property=\"og:title\" content=\"TH\u00d4NG B\u00c1O TUY\u1ec2N D\u1ee4NG - GELA Education\" \/>\n<meta property=\"og:url\" content=\"https:\/\/gela.edu.vn\/?page_id=1044\" \/>\n<meta property=\"og:site_name\" content=\"GELA Education\" \/>\n<meta property=\"article:publisher\" content=\"https:\/\/www.facebook.com\/gelahcmc\" \/>\n<meta property=\"article:modified_time\" content=\"2025-09-11T09:26:39+00:00\" \/>\n<meta property=\"og:image\" content=\"https:\/\/gela.edu.vn\/wp-content\/uploads\/2021\/09\/Logo_GELA.jpg\" \/>\n\t<meta property=\"og:image:width\" content=\"1607\" \/>\n\t<meta property=\"og:image:height\" content=\"1459\" \/>\n\t<meta property=\"og:image:type\" content=\"image\/jpeg\" \/>\n<meta name=\"twitter:card\" content=\"summary_large_image\" \/>\n<meta name=\"twitter:label1\" content=\"Est. reading time\" \/>\n\t<meta name=\"twitter:data1\" content=\"2 minutes\" \/>\n<script type=\"application\/ld+json\" class=\"yoast-schema-graph\">{\"@context\":\"https:\/\/schema.org\",\"@graph\":[{\"@type\":\"WebPage\",\"@id\":\"https:\/\/gela.edu.vn\/?page_id=1044\",\"url\":\"https:\/\/gela.edu.vn\/?page_id=1044\",\"name\":\"TH\u00d4NG B\u00c1O TUY\u1ec2N D\u1ee4NG - GELA Education\",\"isPartOf\":{\"@id\":\"https:\/\/gela.edu.vn\/#website\"},\"datePublished\":\"2023-03-14T03:36:23+00:00\",\"dateModified\":\"2025-09-11T09:26:39+00:00\",\"breadcrumb\":{\"@id\":\"https:\/\/gela.edu.vn\/?page_id=1044#breadcrumb\"},\"inLanguage\":\"en-US\",\"potentialAction\":[{\"@type\":\"ReadAction\",\"target\":[\"https:\/\/gela.edu.vn\/?page_id=1044\"]}]},{\"@type\":\"BreadcrumbList\",\"@id\":\"https:\/\/gela.edu.vn\/?page_id=1044#breadcrumb\",\"itemListElement\":[{\"@type\":\"ListItem\",\"position\":1,\"name\":\"Home\",\"item\":\"https:\/\/gela.edu.vn\/\"},{\"@type\":\"ListItem\",\"position\":2,\"name\":\"TH\u00d4NG B\u00c1O TUY\u1ec2N D\u1ee4NG\"}]},{\"@type\":\"WebSite\",\"@id\":\"https:\/\/gela.edu.vn\/#website\",\"url\":\"https:\/\/gela.edu.vn\/\",\"name\":\"GELA Education\",\"description\":\"\",\"publisher\":{\"@id\":\"https:\/\/gela.edu.vn\/#organization\"},\"potentialAction\":[{\"@type\":\"SearchAction\",\"target\":{\"@type\":\"EntryPoint\",\"urlTemplate\":\"https:\/\/gela.edu.vn\/?s={search_term_string}\"},\"query-input\":{\"@type\":\"PropertyValueSpecification\",\"valueRequired\":true,\"valueName\":\"search_term_string\"}}],\"inLanguage\":\"en-US\"},{\"@type\":\"Organization\",\"@id\":\"https:\/\/gela.edu.vn\/#organization\",\"name\":\"GELA Education\",\"url\":\"https:\/\/gela.edu.vn\/\",\"logo\":{\"@type\":\"ImageObject\",\"inLanguage\":\"en-US\",\"@id\":\"https:\/\/gela.edu.vn\/#\/schema\/logo\/image\/\",\"url\":\"https:\/\/gela.edu.vn\/wp-content\/uploads\/2021\/09\/logo-gela-1.png\",\"contentUrl\":\"https:\/\/gela.edu.vn\/wp-content\/uploads\/2021\/09\/logo-gela-1.png\",\"width\":145,\"height\":78,\"caption\":\"GELA Education\"},\"image\":{\"@id\":\"https:\/\/gela.edu.vn\/#\/schema\/logo\/image\/\"},\"sameAs\":[\"https:\/\/www.facebook.com\/gelahcmc\"]}]}<\/script>\n<!-- \/ Yoast SEO plugin. -->","yoast_head_json":{"title":"TH\u00d4NG B\u00c1O TUY\u1ec2N D\u1ee4NG - GELA Education","robots":{"index":"index","follow":"follow","max-snippet":"max-snippet:-1","max-image-preview":"max-image-preview:large","max-video-preview":"max-video-preview:-1"},"canonical":"https:\/\/gela.edu.vn\/?page_id=1044","og_locale":"en_US","og_type":"article","og_title":"TH\u00d4NG B\u00c1O TUY\u1ec2N D\u1ee4NG - GELA Education","og_url":"https:\/\/gela.edu.vn\/?page_id=1044","og_site_name":"GELA Education","article_publisher":"https:\/\/www.facebook.com\/gelahcmc","article_modified_time":"2025-09-11T09:26:39+00:00","og_image":[{"width":1607,"height":1459,"url":"https:\/\/gela.edu.vn\/wp-content\/uploads\/2021\/09\/Logo_GELA.jpg","type":"image\/jpeg"}],"twitter_card":"summary_large_image","twitter_misc":{"Est. reading time":"2 minutes"},"schema":{"@context":"https:\/\/schema.org","@graph":[{"@type":"WebPage","@id":"https:\/\/gela.edu.vn\/?page_id=1044","url":"https:\/\/gela.edu.vn\/?page_id=1044","name":"TH\u00d4NG B\u00c1O TUY\u1ec2N D\u1ee4NG - GELA Education","isPartOf":{"@id":"https:\/\/gela.edu.vn\/#website"},"datePublished":"2023-03-14T03:36:23+00:00","dateModified":"2025-09-11T09:26:39+00:00","breadcrumb":{"@id":"https:\/\/gela.edu.vn\/?page_id=1044#breadcrumb"},"inLanguage":"en-US","potentialAction":[{"@type":"ReadAction","target":["https:\/\/gela.edu.vn\/?page_id=1044"]}]},{"@type":"BreadcrumbList","@id":"https:\/\/gela.edu.vn\/?page_id=1044#breadcrumb","itemListElement":[{"@type":"ListItem","position":1,"name":"Home","item":"https:\/\/gela.edu.vn\/"},{"@type":"ListItem","position":2,"name":"TH\u00d4NG B\u00c1O TUY\u1ec2N D\u1ee4NG"}]},{"@type":"WebSite","@id":"https:\/\/gela.edu.vn\/#website","url":"https:\/\/gela.edu.vn\/","name":"GELA Education","description":"","publisher":{"@id":"https:\/\/gela.edu.vn\/#organization"},"potentialAction":[{"@type":"SearchAction","target":{"@type":"EntryPoint","urlTemplate":"https:\/\/gela.edu.vn\/?s={search_term_string}"},"query-input":{"@type":"PropertyValueSpecification","valueRequired":true,"valueName":"search_term_string"}}],"inLanguage":"en-US"},{"@type":"Organization","@id":"https:\/\/gela.edu.vn\/#organization","name":"GELA Education","url":"https:\/\/gela.edu.vn\/","logo":{"@type":"ImageObject","inLanguage":"en-US","@id":"https:\/\/gela.edu.vn\/#\/schema\/logo\/image\/","url":"https:\/\/gela.edu.vn\/wp-content\/uploads\/2021\/09\/logo-gela-1.png","contentUrl":"https:\/\/gela.edu.vn\/wp-content\/uploads\/2021\/09\/logo-gela-1.png","width":145,"height":78,"caption":"GELA Education"},"image":{"@id":"https:\/\/gela.edu.vn\/#\/schema\/logo\/image\/"},"sameAs":["https:\/\/www.facebook.com\/gelahcmc"]}]}},"_links":{"self":[{"href":"https:\/\/gela.edu.vn\/index.php?rest_route=\/wp\/v2\/pages\/1044","targetHints":{"allow":["GET"]}}],"collection":[{"href":"https:\/\/gela.edu.vn\/index.php?rest_route=\/wp\/v2\/pages"}],"about":[{"href":"https:\/\/gela.edu.vn\/index.php?rest_route=\/wp\/v2\/types\/page"}],"author":[{"embeddable":true,"href":"https:\/\/gela.edu.vn\/index.php?rest_route=\/wp\/v2\/users\/1"}],"replies":[{"embeddable":true,"href":"https:\/\/gela.edu.vn\/index.php?rest_route=%2Fwp%2Fv2%2Fcomments&post=1044"}],"version-history":[{"count":8,"href":"https:\/\/gela.edu.vn\/index.php?rest_route=\/wp\/v2\/pages\/1044\/revisions"}],"predecessor-version":[{"id":1309,"href":"https:\/\/gela.edu.vn\/index.php?rest_route=\/wp\/v2\/pages\/1044\/revisions\/1309"}],"wp:attachment":[{"href":"https:\/\/gela.edu.vn\/index.php?rest_route=%2Fwp%2Fv2%2Fmedia&parent=1044"}],"curies":[{"name":"wp","href":"https:\/\/api.w.org\/{rel}","templated":true}]}}