{"id":11,"date":"2021-09-01T10:01:51","date_gmt":"2021-09-01T10:01:51","guid":{"rendered":"https:\/\/gela.edu.vn\/?page_id=11"},"modified":"2021-12-14T09:44:25","modified_gmt":"2021-12-14T09:44:25","slug":"about","status":"publish","type":"page","link":"https:\/\/gela.edu.vn\/?page_id=11","title":{"rendered":"Gi\u1edbi thi\u1ec7u v\u1ec1 Gela Education"},"content":{"rendered":"\n<h4 class=\"wp-block-heading\">Trung t\u00e2m Anh Ng\u1eef K\u1ebft N\u1ed1i Th\u1ebf Gi\u1edbi (GELA Education) v\u1edbi nhi\u1ec1u n\u0103m kinh nghi\u1ec7m \u0111\u00e3 tr\u1edf th\u00e0nh \u0111\u01a1n v\u1ecb uy t\u00edn h\u00e0ng \u0111\u1ea7u th\u00e0nh ph\u1ed1 H\u1ed3 Ch\u00ed Minh trong vi\u1ec7c tri\u1ec3n khai ch\u01b0\u01a1ng tr\u00ecnh gi\u1ea3ng d\u1ea1y ti\u1ebfng Anh b\u1edfi gi\u00e1o vi\u00ean b\u1ea3n ng\u1eef ch\u1ea5t l\u01b0\u1ee3ng cao ch\u00fa tr\u1ecdng ph\u00e1t tri\u1ec3n k\u0129 n\u0103ng Nghe v\u00e0 N\u00f3i cho c\u00e1c h\u1ecdc vi\u00ean t\u1ea1i c\u00e1c tr\u01b0\u1eddng m\u1ea7m non, ti\u1ec3u h\u1ecdc, trung h\u1ecdc c\u01a1 s\u1edf, trung h\u1ecdc ph\u1ed5 th\u00f4ng, doanh nghi\u1ec7p \u0111a qu\u1ed1c gia, c\u00e1c doanh nghi\u1ec7p l\u1edbn c\u1ee7a Vi\u1ec7t Nam c\u0169ng nh\u01b0 c\u00e1c c\u01a1 quan, ban ng\u00e0nh nh\u00e0 n\u01b0\u1edbc.<\/h4>\n\n\n\n<h2 class=\"wp-block-heading\"> <strong>I. L\u1ecbch s\u1eed h\u00ecnh th\u00e0nh v\u00e0 ph\u00e1t tri\u1ec3n<\/strong><\/h2>\n\n\n\n<p>&#8211; Trung t\u00e2m Anh Ng\u1eef K\u1ebft N\u1ed1i Th\u1ebf Gi\u1edbi (GELA Education) v\u1edbi nhi\u1ec1u n\u0103m kinh nghi\u1ec7m \u0111\u00e3 tr\u1edf th\u00e0nh \u0111\u01a1n v\u1ecb uy t\u00edn h\u00e0ng \u0111\u1ea7u th\u00e0nh ph\u1ed1 H\u1ed3 Ch\u00ed Minh trong vi\u1ec7c tri\u1ec3n khai ch\u01b0\u01a1ng tr\u00ecnh gi\u1ea3ng d\u1ea1y ti\u1ebfng Anh b\u1edfi gi\u00e1o vi\u00ean b\u1ea3n ng\u1eef ch\u1ea5t l\u01b0\u1ee3ng cao ch\u00fa tr\u1ecdng ph\u00e1t tri\u1ec3n k\u0129 n\u0103ng Nghe v\u00e0 N\u00f3i cho c\u00e1c h\u1ecdc vi\u00ean t\u1ea1i c\u00e1c tr\u01b0\u1eddng m\u1ea7m non, ti\u1ec3u h\u1ecdc, trung h\u1ecdc c\u01a1 s\u1edf, trung h\u1ecdc ph\u1ed5 th\u00f4ng, doanh nghi\u1ec7p \u0111a qu\u1ed1c gia, c\u00e1c doanh nghi\u1ec7p l\u1edbn c\u1ee7a Vi\u1ec7t Nam c\u0169ng nh\u01b0 c\u00e1c c\u01a1 quan, ban ng\u00e0nh nh\u00e0 n\u01b0\u1edbc. <\/p>\n\n\n\n<figure class=\"wp-block-image size-large is-style-default\"><img loading=\"lazy\" decoding=\"async\" width=\"1024\" height=\"683\" src=\"https:\/\/gela.edu.vn\/wp-content\/uploads\/2021\/09\/z2727920655517_ff41ff3fc37ec5e4f0b9529eec67da5e-1024x683.jpg\" alt=\"\" class=\"wp-image-237\" srcset=\"https:\/\/gela.edu.vn\/wp-content\/uploads\/2021\/09\/z2727920655517_ff41ff3fc37ec5e4f0b9529eec67da5e-1024x683.jpg 1024w, https:\/\/gela.edu.vn\/wp-content\/uploads\/2021\/09\/z2727920655517_ff41ff3fc37ec5e4f0b9529eec67da5e-300x200.jpg 300w, https:\/\/gela.edu.vn\/wp-content\/uploads\/2021\/09\/z2727920655517_ff41ff3fc37ec5e4f0b9529eec67da5e-768x512.jpg 768w, https:\/\/gela.edu.vn\/wp-content\/uploads\/2021\/09\/z2727920655517_ff41ff3fc37ec5e4f0b9529eec67da5e-1536x1024.jpg 1536w, https:\/\/gela.edu.vn\/wp-content\/uploads\/2021\/09\/z2727920655517_ff41ff3fc37ec5e4f0b9529eec67da5e.jpg 1920w\" sizes=\"auto, (max-width: 1024px) 100vw, 1024px\" \/><\/figure>\n\n\n\n<p>&#8211; \u0110\u01b0\u1ee3c s\u1ef1 t\u00edn nhi\u1ec7m c\u1ee7a S\u1edf Gi\u00e1o d\u1ee5c v\u00e0 \u0110\u00e0o t\u1ea1o TP.HCM Minh v\u00e0 c\u00e1c Ph\u00f2ng Gi\u00e1o d\u1ee5c v\u00e0 \u0110\u00e0o t\u1ea1o , GELA Education h\u00e0ng n\u0103m \u0111\u1ec1u \u0111\u01b0\u1ee3c l\u1ef1a ch\u1ecdn l\u00e0 \u0111\u01a1n v\u1ecb ph\u1ed1i h\u1ee3p chuy\u00ean m\u00f4n, bao g\u1ed3m:X\u00e2y d\u1ef1ng, thi\u1ebft k\u1ebf ri\u00eang bi\u1ec7t ch\u01b0\u01a1ng tr\u00ecnh gi\u1ea3ng d\u1ea1y ph\u00f9 h\u1ee3p v\u1edbi t\u1eebng \u0111\u01a1n v\u1ecb.<\/p>\n\n\n\n<p>    + X\u00e2y d\u1ef1ng, thi\u1ebft k\u1ebf ri\u00eang bi\u1ec7t ch\u01b0\u01a1ng tr\u00ecnh gi\u1ea3ng d\u1ea1y ph\u00f9 h\u1ee3p v\u1edbi t\u1eebng \u0111\u01a1n v\u1ecb. <\/p>\n\n\n\n<p>    + L\u00ean k\u1ebf ho\u1ea1ch v\u00e0 th\u1ef1c hi\u1ec7n gi\u1ea3ng d\u1ea1y ti\u1ebfng Anh ch\u00fa tr\u1ecdng ph\u00e1t tri\u1ec3n k\u1ef9 n\u0103ng NGHE-N\u00d3I b\u1edfi gi\u00e1o vi\u00ean b\u1ea3n ng\u1eef ch\u1ea5t l\u01b0\u1ee3ng cao. <\/p>\n\n\n\n<p>     + T\u1ed5 ch\u1ee9c c\u00e1c chuy\u00ean \u0111\u1ec1 chuy\u00ean m\u00f4n cho c\u00e1c gi\u00e1o vi\u00ean ti\u1ebfng Anh c\u1ee7a c\u00e1c qu\u1eadn\/huy\u1ec7n nh\u1eb1m n\u00e2ng cao nghi\u1ec7p v\u1ee5 gi\u1ea3ng d\u1ea1y cho \u0111\u1ed9i ng\u0169 nh\u00e0 tr\u01b0\u1eddng.<\/p>\n\n\n\n<p>     + \u0110\u00e0o t\u1ea1o, b\u1ed3i d\u01b0\u1ee1ng h\u1ecdc sinh tham d\u1ef1 c\u00e1c cu\u1ed9c thi chuy\u00ean Anh c\u1ea5p qu\u1eadn\/huy\u1ec7n v\u00e0 c\u1ea5p th\u00e0nh ph\u1ed1.<\/p>\n\n\n\n<h2 class=\"wp-block-heading\"><strong>II. S\u1ee9 m\u1ec7nh &amp; t\u1ea7m nh\u00ecn, gi\u00e1 tr\u1ecb c\u1ed1t l\u00f5i<\/strong><\/h2>\n\n\n\n<p><strong>S\u1ee9 m\u1ec7nh<\/strong>: \u0111\u1ed3ng h\u00e0nh c\u00f9ng c\u00e1c th\u1ebf h\u1ec7 h\u1ecdc sinh: M\u1eabu gi\u00e1o, Ti\u1ec3u h\u1ecdc, Trung h\u1ecdc c\u01a1 s\u1edf v\u00e0 Trung h\u1ecdc ph\u1ed5 th\u00f4ng. \u0110\u1eb7t ch\u1eef \u201cT\u00c2M\u201d l\u00e0 kim ch\u1ec9 nam cho s\u1ef1 ph\u00e1t tri\u1ec3n c\u1ee7a Trung t\u00e2m.<br><\/p>\n\n\n\n<p><strong>T\u1ea7m nh\u00ecn<\/strong>: Gi\u00fap th\u1ebf h\u1ec7 tr\u1ebb Vietnam m\u1ea1nh d\u1ea1n, t\u1ef1 tin, h\u00f2a nh\u1eadp v\u1edbi c\u1ed9ng \u0111\u1ed3ng th\u1ebf gi\u1edbi.<br><\/p>\n\n\n\n<p><strong>Gi\u00e1 tr\u1ecb c\u1ed1t l\u00f5i<\/strong>:<\/p>\n\n\n\n<p>     + PH\u00c1T TRI\u1ec2N: S\u1ef1 ph\u00e1t tri\u1ec3n c\u1ee7a h\u1ecdc sinh l\u00e0 s\u1ef1 v\u1eefng m\u1ea1nh c\u1ee7a trung t\u00e2m.<\/p>\n\n\n\n<p>     + S\u00c1NG T\u1ea0O: Kh\u00f4ng ng\u1eebng \u0111\u1ed5i m\u1edbi, ti\u1ebfp c\u1eadn c\u00e1c ph\u01b0\u01a1ng ph\u00e1p gi\u00e1o d\u1ee5c m\u1edbi.<\/p>\n\n\n\n<p>     + HI\u1ec6U QU\u1ea2: H\u1ecdc l\u00e0 ph\u1ea3i d\u00f9ng \u0111\u01b0\u1ee3c.<\/p>\n","protected":false},"excerpt":{"rendered":"<p>Trung t\u00e2m Anh Ng\u1eef K\u1ebft N\u1ed1i Th\u1ebf Gi\u1edbi (GELA Education) v\u1edbi nhi\u1ec1u n\u0103m kinh nghi\u1ec7m \u0111\u00e3 tr\u1edf th\u00e0nh \u0111\u01a1n v\u1ecb &hellip; <\/p>\n","protected":false},"author":1,"featured_media":0,"parent":0,"menu_order":0,"comment_status":"closed","ping_status":"closed","template":"","meta":{"footnotes":""},"class_list":["post-11","page","type-page","status-publish","hentry"],"yoast_head":"<!-- This site is optimized with the Yoast SEO plugin v26.6 - https:\/\/yoast.com\/wordpress\/plugins\/seo\/ -->\n<title>Gi\u1edbi thi\u1ec7u v\u1ec1 Gela Education - GELA Education<\/title>\n<meta name=\"robots\" content=\"index, follow, max-snippet:-1, max-image-preview:large, max-video-preview:-1\" \/>\n<link rel=\"canonical\" href=\"https:\/\/gela.edu.vn\/?page_id=11\" \/>\n<meta property=\"og:locale\" content=\"en_US\" \/>\n<meta property=\"og:type\" content=\"article\" \/>\n<meta property=\"og:title\" content=\"Gi\u1edbi thi\u1ec7u v\u1ec1 Gela Education - GELA Education\" \/>\n<meta property=\"og:description\" content=\"Trung t\u00e2m Anh Ng\u1eef K\u1ebft N\u1ed1i Th\u1ebf Gi\u1edbi (GELA Education) v\u1edbi nhi\u1ec1u n\u0103m kinh nghi\u1ec7m \u0111\u00e3 tr\u1edf th\u00e0nh \u0111\u01a1n v\u1ecb &hellip;\" \/>\n<meta property=\"og:url\" content=\"https:\/\/gela.edu.vn\/?page_id=11\" \/>\n<meta property=\"og:site_name\" content=\"GELA Education\" \/>\n<meta property=\"article:publisher\" content=\"https:\/\/www.facebook.com\/gelahcmc\" \/>\n<meta property=\"article:modified_time\" content=\"2021-12-14T09:44:25+00:00\" \/>\n<meta property=\"og:image\" content=\"https:\/\/gela.edu.vn\/wp-content\/uploads\/2021\/09\/z2727920655517_ff41ff3fc37ec5e4f0b9529eec67da5e-1024x683.jpg\" \/>\n<meta name=\"twitter:card\" content=\"summary_large_image\" \/>\n<meta name=\"twitter:label1\" content=\"Est. reading time\" \/>\n\t<meta name=\"twitter:data1\" content=\"4 minutes\" \/>\n<script type=\"application\/ld+json\" class=\"yoast-schema-graph\">{\"@context\":\"https:\/\/schema.org\",\"@graph\":[{\"@type\":\"WebPage\",\"@id\":\"https:\/\/gela.edu.vn\/?page_id=11\",\"url\":\"https:\/\/gela.edu.vn\/?page_id=11\",\"name\":\"Gi\u1edbi thi\u1ec7u v\u1ec1 Gela Education - GELA Education\",\"isPartOf\":{\"@id\":\"https:\/\/gela.edu.vn\/#website\"},\"primaryImageOfPage\":{\"@id\":\"https:\/\/gela.edu.vn\/?page_id=11#primaryimage\"},\"image\":{\"@id\":\"https:\/\/gela.edu.vn\/?page_id=11#primaryimage\"},\"thumbnailUrl\":\"https:\/\/gela.edu.vn\/wp-content\/uploads\/2021\/09\/z2727920655517_ff41ff3fc37ec5e4f0b9529eec67da5e-1024x683.jpg\",\"datePublished\":\"2021-09-01T10:01:51+00:00\",\"dateModified\":\"2021-12-14T09:44:25+00:00\",\"breadcrumb\":{\"@id\":\"https:\/\/gela.edu.vn\/?page_id=11#breadcrumb\"},\"inLanguage\":\"en-US\",\"potentialAction\":[{\"@type\":\"ReadAction\",\"target\":[\"https:\/\/gela.edu.vn\/?page_id=11\"]}]},{\"@type\":\"ImageObject\",\"inLanguage\":\"en-US\",\"@id\":\"https:\/\/gela.edu.vn\/?page_id=11#primaryimage\",\"url\":\"https:\/\/gela.edu.vn\/wp-content\/uploads\/2021\/09\/z2727920655517_ff41ff3fc37ec5e4f0b9529eec67da5e.jpg\",\"contentUrl\":\"https:\/\/gela.edu.vn\/wp-content\/uploads\/2021\/09\/z2727920655517_ff41ff3fc37ec5e4f0b9529eec67da5e.jpg\",\"width\":1920,\"height\":1280},{\"@type\":\"BreadcrumbList\",\"@id\":\"https:\/\/gela.edu.vn\/?page_id=11#breadcrumb\",\"itemListElement\":[{\"@type\":\"ListItem\",\"position\":1,\"name\":\"Home\",\"item\":\"https:\/\/gela.edu.vn\/\"},{\"@type\":\"ListItem\",\"position\":2,\"name\":\"Gi\u1edbi thi\u1ec7u v\u1ec1 Gela Education\"}]},{\"@type\":\"WebSite\",\"@id\":\"https:\/\/gela.edu.vn\/#website\",\"url\":\"https:\/\/gela.edu.vn\/\",\"name\":\"GELA Education\",\"description\":\"\",\"publisher\":{\"@id\":\"https:\/\/gela.edu.vn\/#organization\"},\"potentialAction\":[{\"@type\":\"SearchAction\",\"target\":{\"@type\":\"EntryPoint\",\"urlTemplate\":\"https:\/\/gela.edu.vn\/?s={search_term_string}\"},\"query-input\":{\"@type\":\"PropertyValueSpecification\",\"valueRequired\":true,\"valueName\":\"search_term_string\"}}],\"inLanguage\":\"en-US\"},{\"@type\":\"Organization\",\"@id\":\"https:\/\/gela.edu.vn\/#organization\",\"name\":\"GELA Education\",\"url\":\"https:\/\/gela.edu.vn\/\",\"logo\":{\"@type\":\"ImageObject\",\"inLanguage\":\"en-US\",\"@id\":\"https:\/\/gela.edu.vn\/#\/schema\/logo\/image\/\",\"url\":\"https:\/\/gela.edu.vn\/wp-content\/uploads\/2021\/09\/logo-gela-1.png\",\"contentUrl\":\"https:\/\/gela.edu.vn\/wp-content\/uploads\/2021\/09\/logo-gela-1.png\",\"width\":145,\"height\":78,\"caption\":\"GELA Education\"},\"image\":{\"@id\":\"https:\/\/gela.edu.vn\/#\/schema\/logo\/image\/\"},\"sameAs\":[\"https:\/\/www.facebook.com\/gelahcmc\"]}]}<\/script>\n<!-- \/ Yoast SEO plugin. -->","yoast_head_json":{"title":"Gi\u1edbi thi\u1ec7u v\u1ec1 Gela Education - GELA Education","robots":{"index":"index","follow":"follow","max-snippet":"max-snippet:-1","max-image-preview":"max-image-preview:large","max-video-preview":"max-video-preview:-1"},"canonical":"https:\/\/gela.edu.vn\/?page_id=11","og_locale":"en_US","og_type":"article","og_title":"Gi\u1edbi thi\u1ec7u v\u1ec1 Gela Education - GELA Education","og_description":"Trung t\u00e2m Anh Ng\u1eef K\u1ebft N\u1ed1i Th\u1ebf Gi\u1edbi (GELA Education) v\u1edbi nhi\u1ec1u n\u0103m kinh nghi\u1ec7m \u0111\u00e3 tr\u1edf th\u00e0nh \u0111\u01a1n v\u1ecb &hellip;","og_url":"https:\/\/gela.edu.vn\/?page_id=11","og_site_name":"GELA Education","article_publisher":"https:\/\/www.facebook.com\/gelahcmc","article_modified_time":"2021-12-14T09:44:25+00:00","og_image":[{"url":"https:\/\/gela.edu.vn\/wp-content\/uploads\/2021\/09\/z2727920655517_ff41ff3fc37ec5e4f0b9529eec67da5e-1024x683.jpg","type":"","width":"","height":""}],"twitter_card":"summary_large_image","twitter_misc":{"Est. reading time":"4 minutes"},"schema":{"@context":"https:\/\/schema.org","@graph":[{"@type":"WebPage","@id":"https:\/\/gela.edu.vn\/?page_id=11","url":"https:\/\/gela.edu.vn\/?page_id=11","name":"Gi\u1edbi thi\u1ec7u v\u1ec1 Gela Education - GELA Education","isPartOf":{"@id":"https:\/\/gela.edu.vn\/#website"},"primaryImageOfPage":{"@id":"https:\/\/gela.edu.vn\/?page_id=11#primaryimage"},"image":{"@id":"https:\/\/gela.edu.vn\/?page_id=11#primaryimage"},"thumbnailUrl":"https:\/\/gela.edu.vn\/wp-content\/uploads\/2021\/09\/z2727920655517_ff41ff3fc37ec5e4f0b9529eec67da5e-1024x683.jpg","datePublished":"2021-09-01T10:01:51+00:00","dateModified":"2021-12-14T09:44:25+00:00","breadcrumb":{"@id":"https:\/\/gela.edu.vn\/?page_id=11#breadcrumb"},"inLanguage":"en-US","potentialAction":[{"@type":"ReadAction","target":["https:\/\/gela.edu.vn\/?page_id=11"]}]},{"@type":"ImageObject","inLanguage":"en-US","@id":"https:\/\/gela.edu.vn\/?page_id=11#primaryimage","url":"https:\/\/gela.edu.vn\/wp-content\/uploads\/2021\/09\/z2727920655517_ff41ff3fc37ec5e4f0b9529eec67da5e.jpg","contentUrl":"https:\/\/gela.edu.vn\/wp-content\/uploads\/2021\/09\/z2727920655517_ff41ff3fc37ec5e4f0b9529eec67da5e.jpg","width":1920,"height":1280},{"@type":"BreadcrumbList","@id":"https:\/\/gela.edu.vn\/?page_id=11#breadcrumb","itemListElement":[{"@type":"ListItem","position":1,"name":"Home","item":"https:\/\/gela.edu.vn\/"},{"@type":"ListItem","position":2,"name":"Gi\u1edbi thi\u1ec7u v\u1ec1 Gela Education"}]},{"@type":"WebSite","@id":"https:\/\/gela.edu.vn\/#website","url":"https:\/\/gela.edu.vn\/","name":"GELA Education","description":"","publisher":{"@id":"https:\/\/gela.edu.vn\/#organization"},"potentialAction":[{"@type":"SearchAction","target":{"@type":"EntryPoint","urlTemplate":"https:\/\/gela.edu.vn\/?s={search_term_string}"},"query-input":{"@type":"PropertyValueSpecification","valueRequired":true,"valueName":"search_term_string"}}],"inLanguage":"en-US"},{"@type":"Organization","@id":"https:\/\/gela.edu.vn\/#organization","name":"GELA Education","url":"https:\/\/gela.edu.vn\/","logo":{"@type":"ImageObject","inLanguage":"en-US","@id":"https:\/\/gela.edu.vn\/#\/schema\/logo\/image\/","url":"https:\/\/gela.edu.vn\/wp-content\/uploads\/2021\/09\/logo-gela-1.png","contentUrl":"https:\/\/gela.edu.vn\/wp-content\/uploads\/2021\/09\/logo-gela-1.png","width":145,"height":78,"caption":"GELA Education"},"image":{"@id":"https:\/\/gela.edu.vn\/#\/schema\/logo\/image\/"},"sameAs":["https:\/\/www.facebook.com\/gelahcmc"]}]}},"_links":{"self":[{"href":"https:\/\/gela.edu.vn\/index.php?rest_route=\/wp\/v2\/pages\/11","targetHints":{"allow":["GET"]}}],"collection":[{"href":"https:\/\/gela.edu.vn\/index.php?rest_route=\/wp\/v2\/pages"}],"about":[{"href":"https:\/\/gela.edu.vn\/index.php?rest_route=\/wp\/v2\/types\/page"}],"author":[{"embeddable":true,"href":"https:\/\/gela.edu.vn\/index.php?rest_route=\/wp\/v2\/users\/1"}],"replies":[{"embeddable":true,"href":"https:\/\/gela.edu.vn\/index.php?rest_route=%2Fwp%2Fv2%2Fcomments&post=11"}],"version-history":[{"count":26,"href":"https:\/\/gela.edu.vn\/index.php?rest_route=\/wp\/v2\/pages\/11\/revisions"}],"predecessor-version":[{"id":798,"href":"https:\/\/gela.edu.vn\/index.php?rest_route=\/wp\/v2\/pages\/11\/revisions\/798"}],"wp:attachment":[{"href":"https:\/\/gela.edu.vn\/index.php?rest_route=%2Fwp%2Fv2%2Fmedia&parent=11"}],"curies":[{"name":"wp","href":"https:\/\/api.w.org\/{rel}","templated":true}]}}