{"id":12,"date":"2021-09-01T10:01:51","date_gmt":"2021-09-01T10:01:51","guid":{"rendered":"https:\/\/gela.edu.vn\/?page_id=12"},"modified":"2026-04-09T05:00:48","modified_gmt":"2026-04-09T05:00:48","slug":"contact","status":"publish","type":"page","link":"https:\/\/gela.edu.vn\/?page_id=12","title":{"rendered":"Li\u00ean h\u1ec7 v\u1edbi GELA Education"},"content":{"rendered":"\n<div class=\"wp-block-contact-form-7-contact-form-selector\">\n<div class=\"wpcf7 no-js\" id=\"wpcf7-f312-o1\" lang=\"vi\" dir=\"ltr\" data-wpcf7-id=\"312\">\n<div class=\"screen-reader-response\"><p role=\"status\" aria-live=\"polite\" aria-atomic=\"true\"><\/p> <ul><\/ul><\/div>\n<form action=\"\/index.php?rest_route=%2Fwp%2Fv2%2Fpages%2F12#wpcf7-f312-o1\" method=\"post\" class=\"wpcf7-form init\" aria-label=\"Form li\u00ean h\u1ec7\" novalidate=\"novalidate\" data-status=\"init\">\n<fieldset class=\"hidden-fields-container\"><input type=\"hidden\" name=\"_wpcf7\" value=\"312\" \/><input type=\"hidden\" name=\"_wpcf7_version\" value=\"6.1.4\" \/><input type=\"hidden\" name=\"_wpcf7_locale\" value=\"vi\" \/><input type=\"hidden\" name=\"_wpcf7_unit_tag\" value=\"wpcf7-f312-o1\" \/><input type=\"hidden\" name=\"_wpcf7_container_post\" value=\"0\" \/><input type=\"hidden\" name=\"_wpcf7_posted_data_hash\" value=\"\" \/>\n<\/fieldset>\n<p><label> H\u1ecd t\u00ean ph\u1ee5 huynh*<\/label><br \/>\n<span class=\"wpcf7-form-control-wrap\" data-name=\"Fullname_Parent\"><input size=\"40\" maxlength=\"400\" class=\"wpcf7-form-control wpcf7-text wpcf7-validates-as-required\" aria-required=\"true\" aria-invalid=\"false\" value=\"\" type=\"text\" name=\"Fullname_Parent\" \/><\/span><br \/>\n<label> S\u1ed1 \u0111i\u1ec7n tho\u1ea1i li\u00ean h\u1ec7*<\/label><br \/>\n<span class=\"wpcf7-form-control-wrap\" data-name=\"Tel\"><input size=\"40\" maxlength=\"400\" class=\"wpcf7-form-control wpcf7-tel wpcf7-validates-as-required wpcf7-text wpcf7-validates-as-tel\" aria-required=\"true\" aria-invalid=\"false\" value=\"\" type=\"tel\" name=\"Tel\" \/><\/span><br \/>\n<label> E-mail*<\/label><br \/>\n<span class=\"wpcf7-form-control-wrap\" data-name=\"e-mail\"><input size=\"40\" maxlength=\"400\" class=\"wpcf7-form-control wpcf7-email wpcf7-validates-as-required wpcf7-text wpcf7-validates-as-email\" aria-required=\"true\" aria-invalid=\"false\" value=\"\" type=\"email\" name=\"e-mail\" \/><\/span><br \/>\n<label> H\u1ecd t\u00ean h\u1ecdc vi\u00ean*<\/label><br \/>\n<span class=\"wpcf7-form-control-wrap\" data-name=\"Fullname_Student\"><input size=\"40\" maxlength=\"400\" class=\"wpcf7-form-control wpcf7-text wpcf7-validates-as-required\" aria-required=\"true\" aria-invalid=\"false\" value=\"\" type=\"text\" name=\"Fullname_Student\" \/><\/span><br \/>\n<label> Ng\u00e0y sinh*<\/label><br \/>\n<span class=\"wpcf7-form-control-wrap\" data-name=\"DateOfBirth\"><input class=\"wpcf7-form-control wpcf7-date wpcf7-validates-as-required wpcf7-validates-as-date\" aria-required=\"true\" aria-invalid=\"false\" value=\"\" type=\"date\" name=\"DateOfBirth\" \/><\/span><br \/>\n<input class=\"wpcf7-form-control wpcf7-submit has-spinner\" type=\"submit\" value=\"\u0110\u0103ng k\u00fd ngay\" \/>\n<\/p><div class=\"wpcf7-response-output\" aria-hidden=\"true\"><\/div>\n<\/form>\n<\/div>\n<\/div>\n\n\n\n<p><\/p>\n\n\n\n<p><\/p>\n\n\n\n<p><\/p>\n\n\n\n<p class=\"has-black-color has-text-color\" style=\"font-size:28px\"><strong>C\u00d4NG TY C\u1ed4 PH\u1ea6N GI\u00c1O D\u1ee4C GELA<\/strong><\/p>\n\n\n\n<p>T\u1ea7ng 2, T\u00f2a nh\u00e0 VietSolutions, S\u1ed1 125\/11 Nguy\u1ec5n C\u1eedu V\u00e2n, Ph\u01b0\u1eddng Gia \u0110\u1ecbnh, TP.HCM.<\/p>\n\n\n\n<p>Tel: (028) 3836 1663<\/p>\n\n\n\n<p>Facebook: GELA EDUCATION<\/p>\n\n\n\n<p>e-mail: info@gela.edu.vn<\/p>\n\n\n\n<p><\/p>\n","protected":false},"excerpt":{"rendered":"<p>C\u00d4NG TY C\u1ed4 PH\u1ea6N GI\u00c1O D\u1ee4C GELA T\u1ea7ng 2, T\u00f2a nh\u00e0 VietSolutions, S\u1ed1 125\/11 Nguy\u1ec5n C\u1eedu V\u00e2n, Ph\u01b0\u1eddng Gia \u0110\u1ecbnh, &hellip; <\/p>\n","protected":false},"author":1,"featured_media":0,"parent":0,"menu_order":0,"comment_status":"closed","ping_status":"closed","template":"","meta":{"footnotes":""},"class_list":["post-12","page","type-page","status-publish","hentry"],"yoast_head":"<!-- This site is optimized with the Yoast SEO plugin v26.6 - https:\/\/yoast.com\/wordpress\/plugins\/seo\/ -->\n<title>Li\u00ean h\u1ec7 v\u1edbi GELA Education - GELA Education<\/title>\n<meta name=\"robots\" content=\"index, follow, max-snippet:-1, max-image-preview:large, max-video-preview:-1\" \/>\n<link rel=\"canonical\" href=\"https:\/\/gela.edu.vn\/?page_id=12\" \/>\n<meta property=\"og:locale\" content=\"en_US\" \/>\n<meta property=\"og:type\" content=\"article\" \/>\n<meta property=\"og:title\" content=\"Li\u00ean h\u1ec7 v\u1edbi GELA Education - GELA Education\" \/>\n<meta property=\"og:description\" content=\"C\u00d4NG TY C\u1ed4 PH\u1ea6N GI\u00c1O D\u1ee4C GELA T\u1ea7ng 2, T\u00f2a nh\u00e0 VietSolutions, S\u1ed1 125\/11 Nguy\u1ec5n C\u1eedu V\u00e2n, Ph\u01b0\u1eddng Gia \u0110\u1ecbnh, &hellip;\" \/>\n<meta property=\"og:url\" content=\"https:\/\/gela.edu.vn\/?page_id=12\" \/>\n<meta property=\"og:site_name\" content=\"GELA Education\" \/>\n<meta property=\"article:publisher\" content=\"https:\/\/www.facebook.com\/gelahcmc\" \/>\n<meta property=\"article:modified_time\" content=\"2026-04-09T05:00:48+00:00\" \/>\n<meta property=\"og:image\" content=\"https:\/\/gela.edu.vn\/wp-content\/uploads\/2021\/09\/Logo_GELA.jpg\" \/>\n\t<meta property=\"og:image:width\" content=\"1607\" \/>\n\t<meta property=\"og:image:height\" content=\"1459\" \/>\n\t<meta property=\"og:image:type\" content=\"image\/jpeg\" \/>\n<meta name=\"twitter:card\" content=\"summary_large_image\" \/>\n<meta name=\"twitter:label1\" content=\"Est. reading time\" \/>\n\t<meta name=\"twitter:data1\" content=\"1 minute\" \/>\n<script type=\"application\/ld+json\" class=\"yoast-schema-graph\">{\"@context\":\"https:\/\/schema.org\",\"@graph\":[{\"@type\":\"WebPage\",\"@id\":\"https:\/\/gela.edu.vn\/?page_id=12\",\"url\":\"https:\/\/gela.edu.vn\/?page_id=12\",\"name\":\"Li\u00ean h\u1ec7 v\u1edbi GELA Education - GELA Education\",\"isPartOf\":{\"@id\":\"https:\/\/gela.edu.vn\/#website\"},\"datePublished\":\"2021-09-01T10:01:51+00:00\",\"dateModified\":\"2026-04-09T05:00:48+00:00\",\"breadcrumb\":{\"@id\":\"https:\/\/gela.edu.vn\/?page_id=12#breadcrumb\"},\"inLanguage\":\"en-US\",\"potentialAction\":[{\"@type\":\"ReadAction\",\"target\":[\"https:\/\/gela.edu.vn\/?page_id=12\"]}]},{\"@type\":\"BreadcrumbList\",\"@id\":\"https:\/\/gela.edu.vn\/?page_id=12#breadcrumb\",\"itemListElement\":[{\"@type\":\"ListItem\",\"position\":1,\"name\":\"Home\",\"item\":\"https:\/\/gela.edu.vn\/\"},{\"@type\":\"ListItem\",\"position\":2,\"name\":\"Li\u00ean h\u1ec7 v\u1edbi GELA Education\"}]},{\"@type\":\"WebSite\",\"@id\":\"https:\/\/gela.edu.vn\/#website\",\"url\":\"https:\/\/gela.edu.vn\/\",\"name\":\"GELA Education\",\"description\":\"\",\"publisher\":{\"@id\":\"https:\/\/gela.edu.vn\/#organization\"},\"potentialAction\":[{\"@type\":\"SearchAction\",\"target\":{\"@type\":\"EntryPoint\",\"urlTemplate\":\"https:\/\/gela.edu.vn\/?s={search_term_string}\"},\"query-input\":{\"@type\":\"PropertyValueSpecification\",\"valueRequired\":true,\"valueName\":\"search_term_string\"}}],\"inLanguage\":\"en-US\"},{\"@type\":\"Organization\",\"@id\":\"https:\/\/gela.edu.vn\/#organization\",\"name\":\"GELA Education\",\"url\":\"https:\/\/gela.edu.vn\/\",\"logo\":{\"@type\":\"ImageObject\",\"inLanguage\":\"en-US\",\"@id\":\"https:\/\/gela.edu.vn\/#\/schema\/logo\/image\/\",\"url\":\"https:\/\/gela.edu.vn\/wp-content\/uploads\/2021\/09\/logo-gela-1.png\",\"contentUrl\":\"https:\/\/gela.edu.vn\/wp-content\/uploads\/2021\/09\/logo-gela-1.png\",\"width\":145,\"height\":78,\"caption\":\"GELA Education\"},\"image\":{\"@id\":\"https:\/\/gela.edu.vn\/#\/schema\/logo\/image\/\"},\"sameAs\":[\"https:\/\/www.facebook.com\/gelahcmc\"]}]}<\/script>\n<!-- \/ Yoast SEO plugin. -->","yoast_head_json":{"title":"Li\u00ean h\u1ec7 v\u1edbi GELA Education - GELA Education","robots":{"index":"index","follow":"follow","max-snippet":"max-snippet:-1","max-image-preview":"max-image-preview:large","max-video-preview":"max-video-preview:-1"},"canonical":"https:\/\/gela.edu.vn\/?page_id=12","og_locale":"en_US","og_type":"article","og_title":"Li\u00ean h\u1ec7 v\u1edbi GELA Education - GELA Education","og_description":"C\u00d4NG TY C\u1ed4 PH\u1ea6N GI\u00c1O D\u1ee4C GELA T\u1ea7ng 2, T\u00f2a nh\u00e0 VietSolutions, S\u1ed1 125\/11 Nguy\u1ec5n C\u1eedu V\u00e2n, Ph\u01b0\u1eddng Gia \u0110\u1ecbnh, &hellip;","og_url":"https:\/\/gela.edu.vn\/?page_id=12","og_site_name":"GELA Education","article_publisher":"https:\/\/www.facebook.com\/gelahcmc","article_modified_time":"2026-04-09T05:00:48+00:00","og_image":[{"width":1607,"height":1459,"url":"https:\/\/gela.edu.vn\/wp-content\/uploads\/2021\/09\/Logo_GELA.jpg","type":"image\/jpeg"}],"twitter_card":"summary_large_image","twitter_misc":{"Est. reading time":"1 minute"},"schema":{"@context":"https:\/\/schema.org","@graph":[{"@type":"WebPage","@id":"https:\/\/gela.edu.vn\/?page_id=12","url":"https:\/\/gela.edu.vn\/?page_id=12","name":"Li\u00ean h\u1ec7 v\u1edbi GELA Education - GELA Education","isPartOf":{"@id":"https:\/\/gela.edu.vn\/#website"},"datePublished":"2021-09-01T10:01:51+00:00","dateModified":"2026-04-09T05:00:48+00:00","breadcrumb":{"@id":"https:\/\/gela.edu.vn\/?page_id=12#breadcrumb"},"inLanguage":"en-US","potentialAction":[{"@type":"ReadAction","target":["https:\/\/gela.edu.vn\/?page_id=12"]}]},{"@type":"BreadcrumbList","@id":"https:\/\/gela.edu.vn\/?page_id=12#breadcrumb","itemListElement":[{"@type":"ListItem","position":1,"name":"Home","item":"https:\/\/gela.edu.vn\/"},{"@type":"ListItem","position":2,"name":"Li\u00ean h\u1ec7 v\u1edbi GELA Education"}]},{"@type":"WebSite","@id":"https:\/\/gela.edu.vn\/#website","url":"https:\/\/gela.edu.vn\/","name":"GELA Education","description":"","publisher":{"@id":"https:\/\/gela.edu.vn\/#organization"},"potentialAction":[{"@type":"SearchAction","target":{"@type":"EntryPoint","urlTemplate":"https:\/\/gela.edu.vn\/?s={search_term_string}"},"query-input":{"@type":"PropertyValueSpecification","valueRequired":true,"valueName":"search_term_string"}}],"inLanguage":"en-US"},{"@type":"Organization","@id":"https:\/\/gela.edu.vn\/#organization","name":"GELA Education","url":"https:\/\/gela.edu.vn\/","logo":{"@type":"ImageObject","inLanguage":"en-US","@id":"https:\/\/gela.edu.vn\/#\/schema\/logo\/image\/","url":"https:\/\/gela.edu.vn\/wp-content\/uploads\/2021\/09\/logo-gela-1.png","contentUrl":"https:\/\/gela.edu.vn\/wp-content\/uploads\/2021\/09\/logo-gela-1.png","width":145,"height":78,"caption":"GELA Education"},"image":{"@id":"https:\/\/gela.edu.vn\/#\/schema\/logo\/image\/"},"sameAs":["https:\/\/www.facebook.com\/gelahcmc"]}]}},"_links":{"self":[{"href":"https:\/\/gela.edu.vn\/index.php?rest_route=\/wp\/v2\/pages\/12","targetHints":{"allow":["GET"]}}],"collection":[{"href":"https:\/\/gela.edu.vn\/index.php?rest_route=\/wp\/v2\/pages"}],"about":[{"href":"https:\/\/gela.edu.vn\/index.php?rest_route=\/wp\/v2\/types\/page"}],"author":[{"embeddable":true,"href":"https:\/\/gela.edu.vn\/index.php?rest_route=\/wp\/v2\/users\/1"}],"replies":[{"embeddable":true,"href":"https:\/\/gela.edu.vn\/index.php?rest_route=%2Fwp%2Fv2%2Fcomments&post=12"}],"version-history":[{"count":17,"href":"https:\/\/gela.edu.vn\/index.php?rest_route=\/wp\/v2\/pages\/12\/revisions"}],"predecessor-version":[{"id":1434,"href":"https:\/\/gela.edu.vn\/index.php?rest_route=\/wp\/v2\/pages\/12\/revisions\/1434"}],"wp:attachment":[{"href":"https:\/\/gela.edu.vn\/index.php?rest_route=%2Fwp%2Fv2%2Fmedia&parent=12"}],"curies":[{"name":"wp","href":"https:\/\/api.w.org\/{rel}","templated":true}]}}