{"id":821,"date":"2022-01-25T06:57:26","date_gmt":"2022-01-25T06:57:26","guid":{"rendered":"https:\/\/gela.edu.vn\/?page_id=821"},"modified":"2024-09-17T07:10:46","modified_gmt":"2024-09-17T07:10:46","slug":"doi-ngu-giao-vien","status":"publish","type":"page","link":"https:\/\/gela.edu.vn\/?page_id=821","title":{"rendered":"\u0110\u1ed9i ng\u0169 gi\u00e1o vi\u00ean"},"content":{"rendered":"\n<p><strong>\u0110\u1ed9i ng\u0169 gi\u00e1o vi\u00ean Trung t\u00e2m Ngo\u1ea1i ng\u1eef K\u1ebft N\u1ed1i Th\u1ebf Gi\u1edbi (GELA) \u0111\u00e1p \u1ee9ng \u0111\u1ee7 y\u00eau c\u1ea7u theo ti\u00eau ch\u00ed c\u1ee7a S\u1edf Gi\u00e1o d\u1ee5c \u0111\u1ec1 ra nh\u01b0 sau:<\/strong><\/p>\n\n\n\n<p>&#8211; \u0110\u1ed1i vi\u00ean gi\u00e1o vi\u00ean n\u01b0\u1edbc ngo\u00e0i: l\u00e0 gi\u00e1o vi\u00ean ch\u1ee7 y\u1ebfu \u0111\u1ebfn t\u1eeb c\u00e1c n\u01b0\u1edbc Anh, M\u1ef9,\u2026 t\u1ed1t nghi\u1ec7p \u0111\u1ea1i h\u1ecdc v\u00e0 c\u00f3 kinh nghi\u1ec7m gi\u1ea3ng d\u1ea1y qu\u1ed1c t\u1ebf.<\/p>\n\n\n\n<p>&#8211; Gi\u00e1o vi\u00ean b\u1ea3n ng\u1eef ph\u1ea3i \u0111\u1ea1t ch\u1ee9ng ch\u1ec9 qu\u1ed1c t\u1ebf v\u00e0 gi\u1ea3ng d\u1ea1y Ti\u1ebfng Anh nh\u01b0: CELTA, TEFL, TESOL, TKT,\u2026<\/p>\n\n\n\n<p>&#8211; Gi\u00e1o vi\u00ean chuy\u00ean nghi\u1ec7p, t\u1eadn t\u00e2m, hi\u1ec3u r\u00f5 \u01b0u \u0111i\u1ec3m \u2013 nh\u01b0\u1ee3c \u0111i\u1ec3m c\u1ee7a h\u1ecdc sinh Vi\u1ec7t nam trong vi\u1ec7c ti\u1ebfp c\u1eadn ng\u00f4n ng\u1eef m\u1edbi.<\/p>\n\n\n\n<p>&#8211; Tu\u00e2n th\u1ee7 ph\u00e1p lu\u1eadt Vi\u1ec7t Nam, \u0111\u01b0\u1ee3c \u0111\u00e0o t\u1ea1o \u0111\u1ec3 \u0111\u1ea3m b\u1ea3o t\u00e1c phong chuy\u00ean nghi\u1ec7p v\u00e0 ch\u1ea5p h\u00e0nh c\u00e1c n\u1ed9i quy tr\u01b0\u1eddng h\u1ecdc. (trang ph\u1ee5c l\u1ecbch s\u1ef1, \u0111\u00fang gi\u1edd, h\u00f2a \u0111\u1ed3ng v\u00e0 h\u1ee3p t\u00e1c v\u1edbi gi\u00e1o vi\u00ean Vi\u1ec7t Nam,\u2026)<\/p>\n\n\n\n<p>&#8211; \u0110\u1ed1i v\u1edbi gi\u00e1o vi\u00ean Vi\u1ec7t Nam: \u0111\u00e3 t\u1ed1t nghi\u1ec7p cao \u0111\u1eb3ng tr\u1edf l\u00ean c\u00e1c ng\u00e0nh S\u01b0 ph\u1ea1m Ti\u1ebfng Anh, Ng\u00f4n ng\u1eef Anh, Ti\u1ebfng Anh, \u0111\u00e3 ho\u00e0n th\u00e0nh ch\u01b0\u01a1ng tr\u00ecnh b\u1ed3i d\u01b0\u1ee1ng chuy\u00ean m\u00f4n v\u1ec1 Nghi\u1ec7p v\u1ee5 s\u01b0 ph\u1ea1m.<\/p>\n\n\n\n<figure class=\"wp-block-gallery has-nested-images columns-default is-cropped wp-block-gallery-1 is-layout-flex wp-block-gallery-is-layout-flex\">\n<figure class=\"wp-block-image size-full\"><img loading=\"lazy\" decoding=\"async\" width=\"940\" height=\"788\" data-id=\"1142\" src=\"https:\/\/gela.edu.vn\/wp-content\/uploads\/2024\/09\/457273460_1042368767892290_3344779538554546399_n.jpg\" alt=\"\" class=\"wp-image-1142\" srcset=\"https:\/\/gela.edu.vn\/wp-content\/uploads\/2024\/09\/457273460_1042368767892290_3344779538554546399_n.jpg 940w, https:\/\/gela.edu.vn\/wp-content\/uploads\/2024\/09\/457273460_1042368767892290_3344779538554546399_n-300x251.jpg 300w, https:\/\/gela.edu.vn\/wp-content\/uploads\/2024\/09\/457273460_1042368767892290_3344779538554546399_n-768x644.jpg 768w\" sizes=\"auto, (max-width: 940px) 100vw, 940px\" \/><\/figure>\n\n\n\n<figure class=\"wp-block-image size-full\"><img loading=\"lazy\" decoding=\"async\" width=\"940\" height=\"788\" data-id=\"1141\" src=\"https:\/\/gela.edu.vn\/wp-content\/uploads\/2024\/09\/457226098_1040914141371086_8337212929742502953_n.jpg\" alt=\"\" class=\"wp-image-1141\" srcset=\"https:\/\/gela.edu.vn\/wp-content\/uploads\/2024\/09\/457226098_1040914141371086_8337212929742502953_n.jpg 940w, https:\/\/gela.edu.vn\/wp-content\/uploads\/2024\/09\/457226098_1040914141371086_8337212929742502953_n-300x251.jpg 300w, https:\/\/gela.edu.vn\/wp-content\/uploads\/2024\/09\/457226098_1040914141371086_8337212929742502953_n-768x644.jpg 768w\" sizes=\"auto, (max-width: 940px) 100vw, 940px\" \/><\/figure>\n\n\n\n<figure class=\"wp-block-image size-full\"><img loading=\"lazy\" decoding=\"async\" width=\"940\" height=\"788\" data-id=\"1137\" src=\"https:\/\/gela.edu.vn\/wp-content\/uploads\/2024\/09\/457050046_1040914148037752_5998772824954612603_n.jpg\" alt=\"\" class=\"wp-image-1137\" srcset=\"https:\/\/gela.edu.vn\/wp-content\/uploads\/2024\/09\/457050046_1040914148037752_5998772824954612603_n.jpg 940w, https:\/\/gela.edu.vn\/wp-content\/uploads\/2024\/09\/457050046_1040914148037752_5998772824954612603_n-300x251.jpg 300w, https:\/\/gela.edu.vn\/wp-content\/uploads\/2024\/09\/457050046_1040914148037752_5998772824954612603_n-768x644.jpg 768w\" sizes=\"auto, (max-width: 940px) 100vw, 940px\" \/><\/figure>\n\n\n\n<figure class=\"wp-block-image size-full\"><img loading=\"lazy\" decoding=\"async\" width=\"940\" height=\"788\" data-id=\"1143\" src=\"https:\/\/gela.edu.vn\/wp-content\/uploads\/2024\/09\/457286506_1040914144704419_8458676004994847522_n.jpg\" alt=\"\" class=\"wp-image-1143\" srcset=\"https:\/\/gela.edu.vn\/wp-content\/uploads\/2024\/09\/457286506_1040914144704419_8458676004994847522_n.jpg 940w, https:\/\/gela.edu.vn\/wp-content\/uploads\/2024\/09\/457286506_1040914144704419_8458676004994847522_n-300x251.jpg 300w, https:\/\/gela.edu.vn\/wp-content\/uploads\/2024\/09\/457286506_1040914144704419_8458676004994847522_n-768x644.jpg 768w\" sizes=\"auto, (max-width: 940px) 100vw, 940px\" \/><\/figure>\n\n\n\n<figure class=\"wp-block-image size-full\"><img loading=\"lazy\" decoding=\"async\" width=\"940\" height=\"788\" data-id=\"1145\" src=\"https:\/\/gela.edu.vn\/wp-content\/uploads\/2024\/09\/457314772_1040914124704421_2076512109366905378_n.jpg\" alt=\"\" class=\"wp-image-1145\" srcset=\"https:\/\/gela.edu.vn\/wp-content\/uploads\/2024\/09\/457314772_1040914124704421_2076512109366905378_n.jpg 940w, https:\/\/gela.edu.vn\/wp-content\/uploads\/2024\/09\/457314772_1040914124704421_2076512109366905378_n-300x251.jpg 300w, https:\/\/gela.edu.vn\/wp-content\/uploads\/2024\/09\/457314772_1040914124704421_2076512109366905378_n-768x644.jpg 768w\" sizes=\"auto, (max-width: 940px) 100vw, 940px\" \/><\/figure>\n\n\n\n<figure class=\"wp-block-image size-full\"><img loading=\"lazy\" decoding=\"async\" width=\"940\" height=\"788\" data-id=\"1197\" src=\"https:\/\/gela.edu.vn\/wp-content\/uploads\/2024\/09\/456907112_1040914128037754_3481668903889416988_n-1.jpg\" alt=\"\" class=\"wp-image-1197\" srcset=\"https:\/\/gela.edu.vn\/wp-content\/uploads\/2024\/09\/456907112_1040914128037754_3481668903889416988_n-1.jpg 940w, https:\/\/gela.edu.vn\/wp-content\/uploads\/2024\/09\/456907112_1040914128037754_3481668903889416988_n-1-300x251.jpg 300w, https:\/\/gela.edu.vn\/wp-content\/uploads\/2024\/09\/456907112_1040914128037754_3481668903889416988_n-1-768x644.jpg 768w\" sizes=\"auto, (max-width: 940px) 100vw, 940px\" \/><\/figure>\n\n\n\n<figure class=\"wp-block-image size-full\"><img loading=\"lazy\" decoding=\"async\" width=\"940\" height=\"788\" data-id=\"1147\" src=\"https:\/\/gela.edu.vn\/wp-content\/uploads\/2024\/09\/457399649_1040914131371087_3426481054836630978_n.jpg\" alt=\"\" class=\"wp-image-1147\" srcset=\"https:\/\/gela.edu.vn\/wp-content\/uploads\/2024\/09\/457399649_1040914131371087_3426481054836630978_n.jpg 940w, https:\/\/gela.edu.vn\/wp-content\/uploads\/2024\/09\/457399649_1040914131371087_3426481054836630978_n-300x251.jpg 300w, https:\/\/gela.edu.vn\/wp-content\/uploads\/2024\/09\/457399649_1040914131371087_3426481054836630978_n-768x644.jpg 768w\" sizes=\"auto, (max-width: 940px) 100vw, 940px\" \/><\/figure>\n<\/figure>\n","protected":false},"excerpt":{"rendered":"<p>\u0110\u1ed9i ng\u0169 gi\u00e1o vi\u00ean Trung t\u00e2m Ngo\u1ea1i ng\u1eef K\u1ebft N\u1ed1i Th\u1ebf Gi\u1edbi (GELA) \u0111\u00e1p \u1ee9ng \u0111\u1ee7 y\u00eau c\u1ea7u theo ti\u00eau &hellip; <\/p>\n","protected":false},"author":1,"featured_media":0,"parent":0,"menu_order":0,"comment_status":"closed","ping_status":"closed","template":"","meta":{"footnotes":""},"class_list":["post-821","page","type-page","status-publish","hentry"],"yoast_head":"<!-- This site is optimized with the Yoast SEO plugin v26.6 - https:\/\/yoast.com\/wordpress\/plugins\/seo\/ -->\n<title>\u0110\u1ed9i ng\u0169 gi\u00e1o vi\u00ean - GELA Education<\/title>\n<meta name=\"robots\" content=\"index, follow, max-snippet:-1, max-image-preview:large, max-video-preview:-1\" \/>\n<link rel=\"canonical\" href=\"https:\/\/gela.edu.vn\/?page_id=821\" \/>\n<meta property=\"og:locale\" content=\"en_US\" \/>\n<meta property=\"og:type\" content=\"article\" \/>\n<meta property=\"og:title\" content=\"\u0110\u1ed9i ng\u0169 gi\u00e1o vi\u00ean - GELA Education\" \/>\n<meta property=\"og:description\" content=\"\u0110\u1ed9i ng\u0169 gi\u00e1o vi\u00ean Trung t\u00e2m Ngo\u1ea1i ng\u1eef K\u1ebft N\u1ed1i Th\u1ebf Gi\u1edbi (GELA) \u0111\u00e1p \u1ee9ng \u0111\u1ee7 y\u00eau c\u1ea7u theo ti\u00eau &hellip;\" \/>\n<meta property=\"og:url\" content=\"https:\/\/gela.edu.vn\/?page_id=821\" \/>\n<meta property=\"og:site_name\" content=\"GELA Education\" \/>\n<meta property=\"article:publisher\" content=\"https:\/\/www.facebook.com\/gelahcmc\" \/>\n<meta property=\"article:modified_time\" content=\"2024-09-17T07:10:46+00:00\" \/>\n<meta property=\"og:image\" content=\"https:\/\/gela.edu.vn\/wp-content\/uploads\/2024\/09\/457273460_1042368767892290_3344779538554546399_n.jpg\" \/>\n<meta name=\"twitter:card\" content=\"summary_large_image\" \/>\n<meta name=\"twitter:label1\" content=\"Est. reading time\" \/>\n\t<meta name=\"twitter:data1\" content=\"1 minute\" \/>\n<script type=\"application\/ld+json\" class=\"yoast-schema-graph\">{\"@context\":\"https:\/\/schema.org\",\"@graph\":[{\"@type\":\"WebPage\",\"@id\":\"https:\/\/gela.edu.vn\/?page_id=821\",\"url\":\"https:\/\/gela.edu.vn\/?page_id=821\",\"name\":\"\u0110\u1ed9i ng\u0169 gi\u00e1o vi\u00ean - GELA Education\",\"isPartOf\":{\"@id\":\"https:\/\/gela.edu.vn\/#website\"},\"primaryImageOfPage\":{\"@id\":\"https:\/\/gela.edu.vn\/?page_id=821#primaryimage\"},\"image\":{\"@id\":\"https:\/\/gela.edu.vn\/?page_id=821#primaryimage\"},\"thumbnailUrl\":\"https:\/\/gela.edu.vn\/wp-content\/uploads\/2024\/09\/457273460_1042368767892290_3344779538554546399_n.jpg\",\"datePublished\":\"2022-01-25T06:57:26+00:00\",\"dateModified\":\"2024-09-17T07:10:46+00:00\",\"breadcrumb\":{\"@id\":\"https:\/\/gela.edu.vn\/?page_id=821#breadcrumb\"},\"inLanguage\":\"en-US\",\"potentialAction\":[{\"@type\":\"ReadAction\",\"target\":[\"https:\/\/gela.edu.vn\/?page_id=821\"]}]},{\"@type\":\"ImageObject\",\"inLanguage\":\"en-US\",\"@id\":\"https:\/\/gela.edu.vn\/?page_id=821#primaryimage\",\"url\":\"https:\/\/gela.edu.vn\/wp-content\/uploads\/2024\/09\/457273460_1042368767892290_3344779538554546399_n.jpg\",\"contentUrl\":\"https:\/\/gela.edu.vn\/wp-content\/uploads\/2024\/09\/457273460_1042368767892290_3344779538554546399_n.jpg\",\"width\":940,\"height\":788},{\"@type\":\"BreadcrumbList\",\"@id\":\"https:\/\/gela.edu.vn\/?page_id=821#breadcrumb\",\"itemListElement\":[{\"@type\":\"ListItem\",\"position\":1,\"name\":\"Home\",\"item\":\"https:\/\/gela.edu.vn\/\"},{\"@type\":\"ListItem\",\"position\":2,\"name\":\"\u0110\u1ed9i ng\u0169 gi\u00e1o vi\u00ean\"}]},{\"@type\":\"WebSite\",\"@id\":\"https:\/\/gela.edu.vn\/#website\",\"url\":\"https:\/\/gela.edu.vn\/\",\"name\":\"GELA Education\",\"description\":\"\",\"publisher\":{\"@id\":\"https:\/\/gela.edu.vn\/#organization\"},\"potentialAction\":[{\"@type\":\"SearchAction\",\"target\":{\"@type\":\"EntryPoint\",\"urlTemplate\":\"https:\/\/gela.edu.vn\/?s={search_term_string}\"},\"query-input\":{\"@type\":\"PropertyValueSpecification\",\"valueRequired\":true,\"valueName\":\"search_term_string\"}}],\"inLanguage\":\"en-US\"},{\"@type\":\"Organization\",\"@id\":\"https:\/\/gela.edu.vn\/#organization\",\"name\":\"GELA Education\",\"url\":\"https:\/\/gela.edu.vn\/\",\"logo\":{\"@type\":\"ImageObject\",\"inLanguage\":\"en-US\",\"@id\":\"https:\/\/gela.edu.vn\/#\/schema\/logo\/image\/\",\"url\":\"https:\/\/gela.edu.vn\/wp-content\/uploads\/2021\/09\/logo-gela-1.png\",\"contentUrl\":\"https:\/\/gela.edu.vn\/wp-content\/uploads\/2021\/09\/logo-gela-1.png\",\"width\":145,\"height\":78,\"caption\":\"GELA Education\"},\"image\":{\"@id\":\"https:\/\/gela.edu.vn\/#\/schema\/logo\/image\/\"},\"sameAs\":[\"https:\/\/www.facebook.com\/gelahcmc\"]}]}<\/script>\n<!-- \/ Yoast SEO plugin. -->","yoast_head_json":{"title":"\u0110\u1ed9i ng\u0169 gi\u00e1o vi\u00ean - GELA Education","robots":{"index":"index","follow":"follow","max-snippet":"max-snippet:-1","max-image-preview":"max-image-preview:large","max-video-preview":"max-video-preview:-1"},"canonical":"https:\/\/gela.edu.vn\/?page_id=821","og_locale":"en_US","og_type":"article","og_title":"\u0110\u1ed9i ng\u0169 gi\u00e1o vi\u00ean - GELA Education","og_description":"\u0110\u1ed9i ng\u0169 gi\u00e1o vi\u00ean Trung t\u00e2m Ngo\u1ea1i ng\u1eef K\u1ebft N\u1ed1i Th\u1ebf Gi\u1edbi (GELA) \u0111\u00e1p \u1ee9ng \u0111\u1ee7 y\u00eau c\u1ea7u theo ti\u00eau &hellip;","og_url":"https:\/\/gela.edu.vn\/?page_id=821","og_site_name":"GELA Education","article_publisher":"https:\/\/www.facebook.com\/gelahcmc","article_modified_time":"2024-09-17T07:10:46+00:00","og_image":[{"url":"https:\/\/gela.edu.vn\/wp-content\/uploads\/2024\/09\/457273460_1042368767892290_3344779538554546399_n.jpg","type":"","width":"","height":""}],"twitter_card":"summary_large_image","twitter_misc":{"Est. reading time":"1 minute"},"schema":{"@context":"https:\/\/schema.org","@graph":[{"@type":"WebPage","@id":"https:\/\/gela.edu.vn\/?page_id=821","url":"https:\/\/gela.edu.vn\/?page_id=821","name":"\u0110\u1ed9i ng\u0169 gi\u00e1o vi\u00ean - GELA Education","isPartOf":{"@id":"https:\/\/gela.edu.vn\/#website"},"primaryImageOfPage":{"@id":"https:\/\/gela.edu.vn\/?page_id=821#primaryimage"},"image":{"@id":"https:\/\/gela.edu.vn\/?page_id=821#primaryimage"},"thumbnailUrl":"https:\/\/gela.edu.vn\/wp-content\/uploads\/2024\/09\/457273460_1042368767892290_3344779538554546399_n.jpg","datePublished":"2022-01-25T06:57:26+00:00","dateModified":"2024-09-17T07:10:46+00:00","breadcrumb":{"@id":"https:\/\/gela.edu.vn\/?page_id=821#breadcrumb"},"inLanguage":"en-US","potentialAction":[{"@type":"ReadAction","target":["https:\/\/gela.edu.vn\/?page_id=821"]}]},{"@type":"ImageObject","inLanguage":"en-US","@id":"https:\/\/gela.edu.vn\/?page_id=821#primaryimage","url":"https:\/\/gela.edu.vn\/wp-content\/uploads\/2024\/09\/457273460_1042368767892290_3344779538554546399_n.jpg","contentUrl":"https:\/\/gela.edu.vn\/wp-content\/uploads\/2024\/09\/457273460_1042368767892290_3344779538554546399_n.jpg","width":940,"height":788},{"@type":"BreadcrumbList","@id":"https:\/\/gela.edu.vn\/?page_id=821#breadcrumb","itemListElement":[{"@type":"ListItem","position":1,"name":"Home","item":"https:\/\/gela.edu.vn\/"},{"@type":"ListItem","position":2,"name":"\u0110\u1ed9i ng\u0169 gi\u00e1o vi\u00ean"}]},{"@type":"WebSite","@id":"https:\/\/gela.edu.vn\/#website","url":"https:\/\/gela.edu.vn\/","name":"GELA Education","description":"","publisher":{"@id":"https:\/\/gela.edu.vn\/#organization"},"potentialAction":[{"@type":"SearchAction","target":{"@type":"EntryPoint","urlTemplate":"https:\/\/gela.edu.vn\/?s={search_term_string}"},"query-input":{"@type":"PropertyValueSpecification","valueRequired":true,"valueName":"search_term_string"}}],"inLanguage":"en-US"},{"@type":"Organization","@id":"https:\/\/gela.edu.vn\/#organization","name":"GELA Education","url":"https:\/\/gela.edu.vn\/","logo":{"@type":"ImageObject","inLanguage":"en-US","@id":"https:\/\/gela.edu.vn\/#\/schema\/logo\/image\/","url":"https:\/\/gela.edu.vn\/wp-content\/uploads\/2021\/09\/logo-gela-1.png","contentUrl":"https:\/\/gela.edu.vn\/wp-content\/uploads\/2021\/09\/logo-gela-1.png","width":145,"height":78,"caption":"GELA Education"},"image":{"@id":"https:\/\/gela.edu.vn\/#\/schema\/logo\/image\/"},"sameAs":["https:\/\/www.facebook.com\/gelahcmc"]}]}},"_links":{"self":[{"href":"https:\/\/gela.edu.vn\/index.php?rest_route=\/wp\/v2\/pages\/821","targetHints":{"allow":["GET"]}}],"collection":[{"href":"https:\/\/gela.edu.vn\/index.php?rest_route=\/wp\/v2\/pages"}],"about":[{"href":"https:\/\/gela.edu.vn\/index.php?rest_route=\/wp\/v2\/types\/page"}],"author":[{"embeddable":true,"href":"https:\/\/gela.edu.vn\/index.php?rest_route=\/wp\/v2\/users\/1"}],"replies":[{"embeddable":true,"href":"https:\/\/gela.edu.vn\/index.php?rest_route=%2Fwp%2Fv2%2Fcomments&post=821"}],"version-history":[{"count":8,"href":"https:\/\/gela.edu.vn\/index.php?rest_route=\/wp\/v2\/pages\/821\/revisions"}],"predecessor-version":[{"id":1199,"href":"https:\/\/gela.edu.vn\/index.php?rest_route=\/wp\/v2\/pages\/821\/revisions\/1199"}],"wp:attachment":[{"href":"https:\/\/gela.edu.vn\/index.php?rest_route=%2Fwp%2Fv2%2Fmedia&parent=821"}],"curies":[{"name":"wp","href":"https:\/\/api.w.org\/{rel}","templated":true}]}}